{"id":12,"date":"2024-05-01T07:54:54","date_gmt":"2024-05-01T07:54:54","guid":{"rendered":"https:\/\/delkonstruktiv.hu\/?page_id=12"},"modified":"2025-04-09T14:06:01","modified_gmt":"2025-04-09T13:06:01","slug":"home","status":"publish","type":"page","link":"https:\/\/delkonstruktiv.hu\/en\/","title":{"rendered":"About Us"},"content":{"rendered":"<p><strong>A D\u00e9l-Konstrukt\u00edv Kft.<\/strong> was established in 2008 and has since played an active role in the field of underground engineering. <\/p>\n\n\n\n<p>The company is entirely Hungarian-owned. <\/p>\n\n\n\n<p>We carry out our activities <strong>with highly qualified professionals<\/strong> in knowledge of the relevant laws, regulations, professional and quality requirements, applying them in practice.<\/p>\n\n\n\n<p><\/p>","protected":false},"excerpt":{"rendered":"<p>A D\u00e9l-Konstrukt\u00edv Kft. 2008-ban alakult \u00e9s az\u00f3ta akt\u00edv szerepet t\u00f6lt be a m\u00e9ly\u00e9p\u00edt\u00e9s ter\u00fclet\u00e9n. Teljes m\u00e9rt\u00e9kben magyar tulajdon\u00fa c\u00e9g. Tev\u00e9kenys\u00e9g\u00fcnket magasan kvalifik\u00e1lt szakemberekkel v\u00e9gezz\u00fck az ide vonatkoz\u00f3 jogszab\u00e1lyok, utas\u00edt\u00e1sok, szakmai \u00e9s min\u0151s\u00e9gi k\u00f6vetelm\u00e9nyek ismeret\u00e9ben, ezek gyakorlati alkalmaz\u00e1s\u00e1val.<\/p>","protected":false},"author":2,"featured_media":0,"parent":0,"menu_order":0,"comment_status":"closed","ping_status":"closed","template":"","meta":{"footnotes":""},"class_list":["post-12","page","type-page","status-publish","hentry"],"_links":{"self":[{"href":"https:\/\/delkonstruktiv.hu\/en\/wp-json\/wp\/v2\/pages\/12","targetHints":{"allow":["GET"]}}],"collection":[{"href":"https:\/\/delkonstruktiv.hu\/en\/wp-json\/wp\/v2\/pages"}],"about":[{"href":"https:\/\/delkonstruktiv.hu\/en\/wp-json\/wp\/v2\/types\/page"}],"author":[{"embeddable":true,"href":"https:\/\/delkonstruktiv.hu\/en\/wp-json\/wp\/v2\/users\/2"}],"replies":[{"embeddable":true,"href":"https:\/\/delkonstruktiv.hu\/en\/wp-json\/wp\/v2\/comments?post=12"}],"version-history":[{"count":13,"href":"https:\/\/delkonstruktiv.hu\/en\/wp-json\/wp\/v2\/pages\/12\/revisions"}],"predecessor-version":[{"id":386,"href":"https:\/\/delkonstruktiv.hu\/en\/wp-json\/wp\/v2\/pages\/12\/revisions\/386"}],"wp:attachment":[{"href":"https:\/\/delkonstruktiv.hu\/en\/wp-json\/wp\/v2\/media?parent=12"}],"curies":[{"name":"wp","href":"https:\/\/api.w.org\/{rel}","templated":true}]}}