{"id":217,"date":"2024-06-04T05:52:56","date_gmt":"2024-06-04T04:52:56","guid":{"rendered":"https:\/\/delkonstruktiv.hu\/?page_id=217"},"modified":"2024-06-04T05:54:25","modified_gmt":"2024-06-04T04:54:25","slug":"adatvedelmi-es-adatbiztonsagi-szabalyzat","status":"publish","type":"page","link":"https:\/\/delkonstruktiv.hu\/en\/adatvedelmi-es-adatbiztonsagi-szabalyzat\/","title":{"rendered":"Data Protection and Data Security Policy (HU)"},"content":{"rendered":"<p><\/p>\n\n\n\n<h2 class=\"wp-block-heading\"><strong>1. A szab\u00e1lyzat c\u00e9lja<\/strong>\u00a0<\/h2>\n\n\n\n<p>Az inform\u00e1ci\u00f3s \u00f6nrendelkez\u00e9si jogr\u00f3l sz\u00f3l\u00f3 t\u00f6rv\u00e9ny, valamint a 2018. m\u00e1jus 25. napj\u00e1t\u00f3l hat\u00e1lyba l\u00e9p\u0151 AZ EUR\u00d3PAI PARLAMENT \u00c9S A TAN\u00c1CS (EU) 2016\/679 RENDELETE (2016. \u00e1prilis 27.) a term\u00e9szetes szem\u00e9lyeknek a szem\u00e9lyes adatok kezel\u00e9se tekintet\u00e9ben t\u00f6rt\u00e9n\u0151 v\u00e9delm\u00e9r\u0151l \u00e9s az ilyen adatok szabad \u00e1raml\u00e1s\u00e1r\u00f3l sz\u00f3l\u00f3 rendelet\u00a0 alapj\u00e1n az adatv\u00e9delmi k\u00f6vetelm\u00e9nyek betart\u00e1s\u00e1hoz sz\u00fcks\u00e9ges felt\u00e9telek \u00e9s az adatkezel\u00e9s biztons\u00e1g\u00e1nak megfelel\u0151 szint\u0171 biztos\u00edt\u00e1sa \u00e9rdek\u00e9ben, a k\u00f6zbeszerz\u00e9sekr\u0151l sz\u00f3l\u00f3 t\u00f6rv\u00e9ny, az inform\u00e1ci\u00f3szabads\u00e1gr\u00f3l sz\u00f3l\u00f3 t\u00f6rv\u00e9ny, az \u00e1llamh\u00e1ztart\u00e1sr\u00f3l sz\u00f3l\u00f3 t\u00f6rv\u00e9ny alapj\u00e1n a <strong>D\u00e9l-Konstrukt\u00edv Korl\u00e1tolt Felel\u0151ss\u00e9g\u0171 T\u00e1rsas\u00e1g<\/strong> (a tov\u00e1bbiakban: T\u00e1rsas\u00e1g) m\u0171k\u00f6d\u00e9se sor\u00e1n keletkez\u0151 adatok nyilv\u00e1noss\u00e1g\u00e1nak biztos\u00edt\u00e1sa \u00e9s a felel\u0151ss\u00e9gi rend kialak\u00edt\u00e1sa, az inform\u00e1ci\u00f3-\u00e1raml\u00e1s naprak\u00e9szs\u00e9g\u00e9nek biztos\u00edt\u00e1sa \u00e9rdek\u00e9ben az al\u00e1bbiakat hat\u00e1rozom meg.\u00a0<\/p>\n\n\n\n<h3 class=\"wp-block-heading\"><strong>1.2. A Szab\u00e1lyzat hat\u00e1lya<\/strong>\u00a0<\/h3>\n\n\n\n<p>&#8211; <strong>A Szab\u00e1lyzat szem\u00e9lyi hat\u00e1lya <\/strong>kiterjed&nbsp;<\/p>\n\n\n\n<p>a) a T\u00e1rsas\u00e1g valamennyi munkav\u00e1llal\u00f3j\u00e1ra, valamint az eseti jelleggel munkav\u00e9gz\u00e9sre ig\u00e9nybe vett dolgoz\u00f3ra,&nbsp;<\/p>\n\n\n\n<p>b) az adatfeldolgoz\u00f3ra, valamint&nbsp;<\/p>\n\n\n\n<p>c) a fentieken k\u00edv\u00fcl mindazon szem\u00e9lyre, aki a T\u00e1rsas\u00e1ggal b\u00e1rmilyen szerz\u0151d\u00e9ses jogviszonyban \u00e1ll.\u00a0<\/p>\n\n\n\n<p>&#8211; <strong>A Szab\u00e1lyzat t\u00e1rgyi hat\u00e1lya <\/strong>kiterjed&nbsp;<\/p>\n\n\n\n<p>a) a T\u00e1rsas\u00e1gn\u00e1l keletkezett valamennyi adatra,&nbsp;<\/p>\n\n\n\n<p>b) az informatikai rendszerben kezelt vagy feldolgozott adatra,&nbsp;<\/p>\n\n\n\n<p>c) az adatkezel\u00e9s eredm\u00e9nyek\u00e9ppen l\u00e9trej\u00f6tt adatra,&nbsp;<\/p>\n\n\n\n<p>d) a T\u00e1rsas\u00e1gn\u00e1l alkalmazott valamennyi hardver- \u00e9s szoftvereszk\u00f6zre, valamint\u00a0<\/p>\n\n\n\n<h2 class=\"wp-block-heading\"><strong>3. Az adatkezel\u00e9s alapelvei<\/strong>\u00a0<\/h2>\n\n\n\n<p>A T\u00e1rsas\u00e1g adatkezel\u0151i tev\u00e9kenys\u00e9g\u00e9t a jelen t\u00e1j\u00e9koztat\u00f3ban foglalt okb\u00f3l v\u00e9gzi. A t\u00e1rsas\u00e1g mindenkori \u00fcgyvezet\u0151 igazgat\u00f3ja hat\u00e1rozza meg a dolgoz\u00f3k adatkezel\u00e9ssel kapcsolatos feladatait. Tev\u00e9kenys\u00e9g\u00fck c\u00e9lja, hogy t\u00f6rv\u00e9nyes \u00e9s tisztess\u00e9ges m\u00f3don az adatkezel\u00e9s minden f\u00e1zis\u00e1ban biztos\u00edts\u00e1k az adatok pontoss\u00e1g\u00e1t, gondoskodjanak az \u00e9rintett szem\u00e9lyes adatainak v\u00e9delm\u00e9r\u0151l jogosulatlan hozz\u00e1f\u00e9r\u00e9s, megv\u00e1ltoztat\u00e1s, tov\u00e1bb\u00edt\u00e1s, t\u00f6rl\u00e9s vagy megsemmis\u00fcl\u00e9s eset\u00e9n. A T\u00e1rsas\u00e1ggal kapcsolatban l\u00e9v\u0151 adatkezel\u00e9sben r\u00e9sztvev\u0151 egy\u00e9b szervezetek, ill. v\u00e1llalkoz\u00e1sok megb\u00edzottjai k\u00f6telesek a megismert adatokat \u00fczleti titokk\u00e9nt meg\u0151rizni. Ezen szervezetek illet\u0151leg a T\u00e1rsas\u00e1g munkav\u00e1llal\u00f3i k\u00f6telesek Titoktart\u00e1si nyilatkozatot tenni.\u00a0<\/p>\n\n\n\n<h2 class=\"wp-block-heading\"><strong>4. Az adatkezel\u00e9s jogalapja<\/strong>\u00a0<\/h2>\n\n\n\n<p><strong>Szem\u00e9lyes adat akkor kezelhet\u0151, ha:<\/strong>&nbsp;<\/p>\n\n\n\n<p>&#8211; ahhoz az \u00e9rintett hozz\u00e1j\u00e1rul vagy\u00a0<\/p>\n\n\n\n<p>&#8211; azt a t\u00f6rv\u00e9ny, vagy a t\u00f6rv\u00e9ny felhatalmaz\u00e1sa alapj\u00e1n, az abban meghat\u00e1rozott k\u00f6rben t\u00f6rv\u00e9ny, vagy helyi \u00f6nkorm\u00e1nyzat rendelete k\u00f6z\u00e9rdeken alapul\u00f3 c\u00e9lb\u00f3l elrendeli \/ k\u00f6telez\u0151 adatkezel\u00e9s\u00a0\u00a0<\/p>\n\n\n\n<p>K\u00f6telez\u0151 adatkezel\u00e9s eset\u00e9n a kezelend\u0151 anyagok fajt\u00e1it, az adatkezel\u00e9s c\u00e9lj\u00e1t \u00e9s felt\u00e9teleit, az adatok megismerhet\u0151s\u00e9g\u00e9t, az adatkezel\u00e9s id\u0151tartam\u00e1t, valamint az adatkezel\u0151 szem\u00e9ly\u00e9t a t\u00f6rv\u00e9ny, illetve \u00f6nkorm\u00e1nyzati rendelet hat\u00e1rozza meg.&nbsp;&nbsp;<\/p>\n\n\n\n<p>Szem\u00e9lyes adat kezelhet\u0151 akkor is, ha az \u00e9rintett hozz\u00e1j\u00e1rul\u00e1s\u00e1nak beszerz\u00e9se lehetetlen vagy ar\u00e1nytalan k\u00f6lts\u00e9ggel j\u00e1rna \u00e9s a szem\u00e9lyes adat kezel\u00e9se a T\u00e1rsas\u00e1gra vonatkoz\u00f3 jogi k\u00f6telezetts\u00e9g teljes\u00edt\u00e9se c\u00e9lj\u00e1b\u00f3l sz\u00fcks\u00e9ges vagy a T\u00e1rsas\u00e1g, ill. harmadik szem\u00e9ly jogos \u00e9rdek\u00e9nek \u00e9rv\u00e9nyes\u00edt\u00e9se c\u00e9lj\u00e1b\u00f3l sz\u00fcks\u00e9ges, \u00e9s ezen \u00e9rdek \u00e9rv\u00e9nyes\u00edt\u00e9se a szem\u00e9lyes adatok v\u00e9delm\u00e9hez f\u0171z\u0151d\u0151 jogkorl\u00e1toz\u00e1s\u00e1val ar\u00e1nyban \u00e1ll.&nbsp;<\/p>\n\n\n\n<p>Az \u00e9rintettel az adatkezel\u00e9s megkezd\u00e9se el\u0151tt k\u00f6z\u00f6lni kell, hogy az adatkezel\u00e9s hozz\u00e1j\u00e1rul\u00e1son alapul, vagy t\u00f6rv\u00e9ny\/ korm\u00e1nyrendelet\/\u00f6nkorm\u00e1nyzati rendelet alapj\u00e1n k\u00f6telez\u0151. Az \u00e9rintettet egy\u00e9rtelm\u0171en, k\u00f6z\u00e9rthet\u0151en \u00e9s r\u00e9szletesen t\u00e1j\u00e9koztatni kell a kezel\u00e9sre ker\u00fcl\u0151 szem\u00e9lyes adatokr\u00f3l, valamint az adatainak kezel\u00e9s\u00e9vel kapcsolatos minden t\u00e9nyr\u0151l, \u00edgy k\u00fcl\u00f6n\u00f6sen az adatkezel\u00e9s c\u00e9lj\u00e1r\u00f3l \u00e9s jogalapj\u00e1r\u00f3l, az adatfeldolgoz\u00e1sra jogosult szem\u00e9ly\u00e9r\u0151l, az adatkezel\u00e9s id\u0151tartam\u00e1r\u00f3l, ill. arr\u00f3l, hogy kik ismerhetik meg az adatokat.&nbsp;<\/p>\n\n\n\n<p>Ha a szem\u00e9lyes adat felv\u00e9tel\u00e9re az \u00e9rintett hozz\u00e1j\u00e1rul\u00e1sa alapj\u00e1n ker\u00fcl sor, a T\u00e1rsas\u00e1g a felvett adatokat t\u00f6rv\u00e9ny elt\u00e9r\u0151 rendelkez\u00e9s\u00e9nek hi\u00e1ny\u00e1ban a r\u00e1 vonatkoz\u00f3 jogi k\u00f6telezetts\u00e9g teljes\u00edt\u00e9se c\u00e9lj\u00e1b\u00f3l, vagy a saj\u00e1t, ill. harmadik szem\u00e9ly jogos \u00e9rdek\u00e9nek \u00e9rv\u00e9nyes\u00edt\u00e9se c\u00e9lj\u00e1b\u00f3l, ha ezen \u00e9rdek \u00e9rv\u00e9nyes\u00edt\u00e9se a szem\u00e9lyes adatok v\u00e9delm\u00e9hez f\u0171z\u0151d\u0151 jog korl\u00e1toz\u00e1s\u00e1val ar\u00e1nyban \u00e1ll, tov\u00e1bbi k\u00fcl\u00f6n hozz\u00e1j\u00e1rul\u00e1s n\u00e9lk\u00fcl is kezelheti.\u00a0<\/p>\n\n\n\n<h2 class=\"wp-block-heading\"><strong>5. Adatbiztons\u00e1gra \u00e9s inform\u00e1ci\u00f3biztons\u00e1gra vonatkoz\u00f3 szab\u00e1lyok<\/strong>\u00a0<\/h2>\n\n\n\n<p>A T\u00e1rsas\u00e1g pap\u00edralapon, ill. sz\u00e1m\u00edt\u00f3g\u00e9pes h\u00e1l\u00f3zaton v\u00e9gzi a szem\u00e9lyes adatok t\u00e1rol\u00e1s\u00e1t. A pap\u00edralap\u00fa adatt\u00e1rol\u00e1s kiz\u00e1r\u00f3lag megfelel\u0151en z\u00e1rhat\u00f3 helyis\u00e9gben t\u00f6rt\u00e9nhet oly m\u00f3don, hogy az illet\u00e9ktelen szem\u00e9ly \u00e1ltal ne legyen hozz\u00e1f\u00e9rhet\u0151 vagy megismerhet\u0151. Sz\u00e1m\u00edt\u00f3g\u00e9p alap\u00fa adatt\u00e1rol\u00e1s eset\u00e9ben a mindenkori \u00fcgyvezet\u0151 \u00e1ltal kiadott inform\u00e1ci\u00f3biztons\u00e1gi szab\u00e1lyzatok tal\u00e1lhat\u00f3 el\u0151\u00edr\u00e1sokat kell alkalmazni a szem\u00e9lyes adatok v\u00e9delm\u00e9re.\u00a0\u00a0<\/p>\n\n\n\n<h2 class=\"wp-block-heading\"><strong>6. Honlapon t\u00f6rt\u00e9n\u0151 adatkezel\u00e9s<\/strong>\u00a0<\/h2>\n\n\n\n<p><strong>\u00dcgyfelekkel t\u00f6rt\u00e9n\u0151 kapcsolattart\u00e1s:<\/strong>\u00a0<\/p>\n\n\n\n<p><strong>Az adatkezel\u00e9s c\u00e9lja:<\/strong>&nbsp;<\/p>\n\n\n\n<p>A T\u00e1rsas\u00e1g honlapjain lehet\u0151s\u00e9get biztos\u00edt arra, hogy leend\u0151 partnerei\/\u00fcgyfelei k\u00f6zvetlen kapcsolatot teremthessenek a T\u00e1rsas\u00e1g kapcsolattart\u00e1sra kijel\u00f6lt munkav\u00e1llal\u00f3ival. Az \u00fcgyf\u00e9lkapcsolati pont haszn\u00e1lat\u00e1hoz a honlapon felt\u00fcntetett adatv\u00e9delmi nyilatkozat elfogad\u00e1sa sz\u00fcks\u00e9ges.\u00a0<\/p>\n\n\n\n<p><strong>A kezelt adatok k\u00f6re:<\/strong>&nbsp;<\/p>\n\n\n\n<p>n\u00e9v, e-mail c\u00edm, telefonsz\u00e1m, c\u00e9gn\u00e9v, \u00fczenet sz\u00f6vege\u00a0<\/p>\n\n\n\n<p><strong>Az adatkezel\u00e9s jogalapja:<\/strong>&nbsp;<\/p>\n\n\n\n<p>A 2018. m\u00e1jus 25. napj\u00e1t\u00f3l hat\u00e1lyba l\u00e9p\u0151 AZ EUR\u00d3PAI PARLAMENT \u00c9S A TAN\u00c1CS (EU) 2016\/679 RENDELETE (2016. \u00e1prilis 27.) a term\u00e9szetes szem\u00e9lyeknek a szem\u00e9lyes adatok kezel\u00e9se tekintet\u00e9ben t\u00f6rt\u00e9n\u0151 v\u00e9delm\u00e9r\u0151l \u00e9s az ilyen adatok szabad \u00e1raml\u00e1s\u00e1r\u00f3l sz\u00f3l\u00f3 rendelet (a tov\u00e1bbiakban \u201eGDPR\u201d) \u00e9s az inform\u00e1ci\u00f3szabads\u00e1gr\u00f3l \u00e9s az inform\u00e1ci\u00f3s \u00f6nrendelkez\u00e9si jogr\u00f3l sz\u00f3l\u00f3 2011.\u00e9vi CXII. tv 5.\u00a7-a. A partnerek\/v\u00e1s\u00e1rl\u00f3k adatkezel\u00e9se \u00fcgyf\u00e9ladatnak min\u0151s\u00fcl, \u00edgy nem ker\u00fcl bejelent\u00e9sre az adatv\u00e9delmi hat\u00f3s\u00e1g nyilv\u00e1ntart\u00e1s\u00e1ba.\u00a0<\/p>\n\n\n\n<p><strong>Az adatkezel\u00e9s id\u0151tartama:<\/strong>&nbsp;<\/p>\n\n\n\n<p>A regisztr\u00e1lt partner\/\u00fcgyf\u00e9l hozz\u00e1j\u00e1rul\u00e1s\u00e1nak visszavon\u00e1s\u00e1ig.\u00a0<\/p>\n\n\n\n<h2 class=\"wp-block-heading\"><strong>7.\u00a0 Munkaviszony l\u00e9tes\u00edt\u00e9s\u00e9vel kapcsolatos adatkezel\u00e9sek<\/strong>\u00a0<\/h2>\n\n\n\n<p><strong>Az adatkezel\u00e9s c\u00e9lja: <\/strong>A munkaviszonnyal kapcsolatos adatkezel\u00e9s c\u00e9lja a munkaviszony l\u00e9tes\u00edt\u00e9se, ill. fenntart\u00e1sa. A munk\u00e1ra val\u00f3 jelentkez\u00e9s sor\u00e1n szem\u00e9lyes adatkezel\u00e9s kiz\u00e1r\u00f3lag az \u00e9rintett szem\u00e9ly \u00edr\u00e1sbeli t\u00e1j\u00e9koztat\u00e1sa ut\u00e1n, az \u00fcgyvezet\u0151 feladatk\u00f6re. Ezen szem\u00e9lyes adatokat a felv\u00e9telre jelentkez\u0151 szem\u00e9ly alkalmass\u00e1g\u00e1nak elb\u00edr\u00e1l\u00e1sa c\u00e9lj\u00e1b\u00f3l az \u00fcgyvezet\u0151n k\u00edv\u00fcl kiz\u00e1r\u00f3lag a m\u0171vezet\u0151 ismerheti meg<strong>. <\/strong>A T\u00e1rsas\u00e1g a rendelkez\u00e9sre \u00e1ll\u00f3 poz\u00edci\u00f3k bet\u00f6lt\u00e9s\u00e9t erk\u00f6lcsi bizony\u00edtv\u00e1ny bemutat\u00e1s\u00e1hoz nem k\u00f6ti, \u00e9s a munkav\u00e1llal\u00f3 felv\u00e9tel\u00e9vel kapcsolatos d\u00f6nt\u00e9s meghozatal\u00e1t ezen igazol\u00e1s megl\u00e9te nem befoly\u00e1solja.\u00a0<\/p>\n\n\n\n<p>A T\u00e1rsas\u00e1g a munkav\u00e1llal\u00f3ir\u00f3l b\u00e9r- \u00e9s munka\u00fcgyi nyilv\u00e1ntart\u00e1st vezet, mely a munkav\u00e1llal\u00f3 munkaviszonnyal kapcsolatos adatait b\u00e9rsz\u00e1mfejt\u00e9sre, t\u00e1rsadalombiztos\u00edt\u00e1si \u00e9s statisztikai adatszolg\u00e1ltat\u00e1sra, valamint az 1995.\u00e9vi CXVII. t\u00f6rv\u00e9ny alapj\u00e1n munk\u00e1ltat\u00f3i ad\u00f3 meg\u00e1llap\u00edt\u00e1ssal kapcsolatosan haszn\u00e1lja fel.\u00a0<\/p>\n\n\n\n<p><strong>Az adatkezel\u00e9s jogalapja: <\/strong>Az \u00e9rintett szem\u00e9ly hozz\u00e1j\u00e1rul\u00e1sa a mell\u00e9kletben szerepl\u0151 t\u00e1j\u00e9koztat\u00f3 al\u00e1\u00edr\u00e1s\u00e1val, ill. a munka t\u00f6rv\u00e9nyk\u00f6nyv\u00e9r\u0151l sz\u00f3l\u00f3 2012.\u00e9vi I. t\u00f6rv\u00e9ny, valamint az 1995.\u00e9vi CXVII. t\u00f6rv\u00e9ny.\u00a0<\/p>\n\n\n\n<p><strong>Az adatkezel\u00e9s id\u0151tartama: <\/strong>Kiz\u00e1r\u00f3lag a munkav\u00e1llal\u00f3 foglalkoztat\u00e1s\u00e1ig, ill. ha az adatkezel\u00e9st t\u00f6rv\u00e9ny, ill. \u00f6nkorm\u00e1nyzati rendelet rendeli el, az 1. sz. pontban felt\u00fcntetett t\u00f6rv\u00e9nyek el\u0151\u00edr\u00e1sainak figyelembev\u00e9tel\u00e9vel.\u00a0<\/p>\n\n\n\n<h2 class=\"wp-block-heading\"><strong>8. Postai \u00faton, e-mail-ben vagy szem\u00e9lyes \u00faton bejuttatott f\u00e9nyk\u00e9ppel el nem l\u00e1tott \u00f6n\u00e9letrajzok adatainak kezel\u00e9se<\/strong>\u00a0<\/h2>\n\n\n\n<p><strong>Az adatkezel\u00e9s c\u00e9lja: <\/strong>A T\u00e1rsas\u00e1g lehet\u0151s\u00e9get biztos\u00edt arra, hogy az aktu\u00e1lis \u00e1ll\u00e1saj\u00e1nlatokr\u00f3l \u00e9rtes\u00fcl\u0151 leend\u0151 munkav\u00e1llal\u00f3 elektronikus, lev\u00e9lpostai, vagy szem\u00e9lyes \u00faton is beadhassa jelentkez\u00e9s\u00e9t a t\u00e1rsas\u00e1g sz\u00e9khely\u00e9re. Az adatkezel\u00e9s c\u00e9lja a munkav\u00e1llal\u00f3i l\u00e9tsz\u00e1m optimaliz\u00e1l\u00e1sa megfelel\u0151 kompetenci\u00e1kkal rendelkez\u0151 munkav\u00e1llal\u00f3k foglalkoztat\u00e1s\u00e1val.\u00a0<\/p>\n\n\n\n<p><strong>Az adatkezel\u00e9s jogalapja: <\/strong>E-mail-en, vagy lev\u00e9lpostai \u00faton bek\u00fcld\u00f6tt \u00f6n\u00e9letrajz eset\u00e9n: Az inform\u00e1ci\u00f3szabads\u00e1gr\u00f3l \u00e9s az inform\u00e1ci\u00f3s \u00f6nrendelkez\u00e9si jogr\u00f3l sz\u00f3l\u00f3 2011.\u00e9vi CXII. tv 6.\u00a7.&nbsp;<\/p>\n\n\n\n<p>Szem\u00e9lyesen behozott \u00f6n\u00e9letrajz eset\u00e9n: Az inform\u00e1ci\u00f3szabads\u00e1gr\u00f3l \u00e9s az inform\u00e1ci\u00f3s \u00f6nrendelkez\u00e9si jogr\u00f3l sz\u00f3l\u00f3 2011.\u00e9vi CXII. tv 5.\u00a7.\u00a0<\/p>\n\n\n\n<p><strong>Az adatkezel\u00e9s id\u0151tartama: <\/strong>A jelentkez\u0151 hozz\u00e1j\u00e1rul\u00e1s\u00e1nak visszavon\u00e1s\u00e1ig, de maximum az \u00f6n\u00e9letrajz be\u00e9rkez\u00e9s\u00e9t\u0151l sz\u00e1m\u00edtott 1 \u00e9vig. Jelentkez\u0151 az \u00f6n\u00e9letrajz t\u00e1rol\u00e1s\u00e1hoz adott hozz\u00e1j\u00e1rul\u00e1s\u00e1t b\u00e1rmikor, az adatbiztons\u00e1gi \u00e9s adatv\u00e9delmi szab\u00e1lyzatban megadott el\u00e9rhet\u0151s\u00e9geken visszavonhatja.&nbsp;<\/p>\n\n\n\n<p>A maximum az \u00f6n\u00e9letrajz be\u00e9rkez\u00e9s\u00e9t\u0151l sz\u00e1m\u00edtott 1 \u00e9vig t\u00f6rt\u00e9n\u0151 t\u00e1rol\u00e1s abban az esetben indokolt, ha a T\u00e1rsas\u00e1gban az \u00f6n\u00e9letrajz beny\u00fajt\u00e1sakor beny\u00fajtott poz\u00edci\u00f3 nem meg\u00fcresedett, azonban az \u00f6n\u00e9letrajz beny\u00fajt\u00e1s\u00e1t\u00f3l sz\u00e1m\u00edtott 1 \u00e9ven bel\u00fcl meg\u00fcresed\u00e9s k\u00f6vetkezik be, \u00fagy a T\u00e1rsas\u00e1g a jelentkez\u0151 k\u00e9relm\u00e9re 1 \u00e9vig t\u00e1rolja az \u00e1ltala beny\u00fajtott \u00f6n\u00e9letrajzot, hogy a k\u00e9s\u0151bb meg\u00fcresedett poz\u00edci\u00f3 eset\u00e9n azonnali t\u00e1j\u00e9koztat\u00e1st kaphasson.<\/p>\n\n\n\n<h2 class=\"wp-block-heading\"><strong>9. Adatfeldolgoz\u00f3 ig\u00e9nybev\u00e9tele<\/strong>\u00a0<\/h2>\n\n\n\n<p>A T\u00e1rsas\u00e1g rendszer\u00fczemeltet\u00e9si feladatok ell\u00e1t\u00e1sa c\u00e9lj\u00e1b\u00f3l tov\u00e1bb\u00edthat adatokat adatfeldolgoz\u00f3 v\u00e1llalkoz\u00e1soknak, szervezeteknek. Az adatfeldolgoz\u00e1s megkezd\u00e9se dolgoz\u00f3i adatok eset\u00e9ben a dolgoz\u00f3i adatkezel\u00e9sr\u0151l sz\u00f3l\u00f3 nyilatkozat al\u00e1\u00edr\u00e1sa ut\u00e1n t\u00f6rt\u00e9nik. Az adatfeldolgoz\u00f3 az adatkezel\u00e9st \u00e9rint\u0151 d\u00f6nt\u00e9st az adatkezel\u0151 hozz\u00e1j\u00e1rul\u00e1sa n\u00e9lk\u00fcl nem hozhat, az adatkezel\u0151 rendelkez\u00e9sein k\u00edv\u00fcl egy\u00e9b c\u00e9l\u00fa adatfeldolgoz\u00e1st nem v\u00e9gezhet, feladatait kiz\u00e1r\u00f3lag az adatkezel\u0151 utas\u00edt\u00e1sa alapj\u00e1n l\u00e1thatja el. Adatfeldolgoz\u00f3 k\u00f6teles a T\u00e1rsas\u00e1g adatv\u00e9delmi \u00e9s adatbiztons\u00e1gi szab\u00e1lyzat\u00e1ban megfogalmazott szab\u00e1lyok alapj\u00e1n a feldolgozand\u00f3 adatok fizik\u00e1lis \u00e9s szoftveres v\u00e9delm\u00e9r\u0151l gondoskodni.\u00a0<\/p>\n\n\n\n<h2 class=\"wp-block-heading\"><strong>10. Az inform\u00e1ci\u00f3szabads\u00e1gr\u00f3l \u00e9s a k\u00f6z\u00e9rdek\u0171 adatok k\u00f6zz\u00e9t\u00e9teli k\u00f6telezetts\u00e9g\u00e9nek teljes\u00edt\u00e9s\u00e9r\u0151l sz\u00f3l\u00f3 rendelkez\u00e9sek<\/strong>\u00a0<\/h2>\n\n\n\n<p>A k\u00f6z\u00e9rdek\u0171 adatok nyilv\u00e1noss\u00e1g\u00e1ra, kezel\u00e9s\u00e9re \u00e9s ig\u00e9nyl\u00e9s\u00e9re vonatkoz\u00f3 rendelkez\u00e9seket a T\u00e1rsas\u00e1g sz\u00e9khely\u00e9n t\u00e1rolt Adatv\u00e9delmi \u00e9s Adatbiztons\u00e1gi Szab\u00e1lyzat tartalmazza r\u00e9szletesen. A r\u00e9szletszab\u00e1lyok tartalmazz\u00e1k az adatkezel\u00e9s jogalapj\u00e1t, c\u00e9lj\u00e1t, az ig\u00e9nyl\u00e9s m\u00f3dj\u00e1t. A k\u00f6z\u00e9rdek\u0171 adatig\u00e9nyl\u00e9s a T\u00e1rsas\u00e1g \u00e1ltal erre k\u00fcl\u00f6n rendszeres\u00edtett nyomtatv\u00e1nyon t\u00f6rt\u00e9nhet.\u00a0<\/p>\n\n\n\n<h2 class=\"wp-block-heading\"><strong>11. S\u00fctik<\/strong>\u00a0<\/h2>\n\n\n\n<p>Alap\u00e9rtelmez\u00e9sben a WordPress \u00e1ltal telep\u00edtett s\u00fctiket alkalmazza T\u00e1rsas\u00e1gunk.\u00a0<\/p>\n\n\n\n<h2 class=\"wp-block-heading\"><strong>12. Analitika<\/strong>\u00a0<\/h2>\n\n\n\n<p>A T\u00e1rsas\u00e1g l\u00e1togatotts\u00e1gelemz\u0151 szolg\u00e1ltat\u00e1st nem haszn\u00e1l. Alap\u00e9rtelmezetten a WordPress semmilyen statisztikai adatot nem gy\u0171jt.\u00a0\u00a0<\/p>\n\n\n\n<h2 class=\"wp-block-heading\"><strong>13. Az adatkezel\u00e9ssel \u00e9rintett szem\u00e9ly adatbiztons\u00e1gra vonatkoz\u00f3 jogosults\u00e1gai, jogorvoslati lehet\u0151s\u00e9gei<\/strong>\u00a0<\/h2>\n\n\n\n<h3 class=\"wp-block-heading\"><strong>13.1 Adatv\u00e9delmi incidensek kezel\u00e9se<\/strong>\u00a0<\/h3>\n\n\n\n<p>A T\u00e1rsas\u00e1g tudom\u00e1sul veszi, hogy az adatv\u00e9delmi incidens megfelel\u0151 \u00e9s kell\u0151 idej\u0171 int\u00e9zked\u00e9s hi\u00e1ny\u00e1ban fizikai vagyoni, vagy nem vagyoni k\u00e1rt okozhat term\u00e9szetes \u00e9s jogi szem\u00e9lyeknek. Az adatv\u00e9delmi incidensek kezel\u00e9se \u00e9rdek\u00e9ben adatv\u00e9delmi incidens napl\u00f3t vezet, melybe az adatv\u00e9delmi incidens k\u00f6r\u00fclm\u00e9nyeit az adatv\u00e9delmi megb\u00edzott az incidens jelent\u00e9s\u00e9t k\u00f6vet\u0151 maximum 72 \u00f3r\u00e1n bel\u00fcl jegyz\u0151k\u00f6nyvezi.\u00a0<\/p>\n\n\n\n<h3 class=\"wp-block-heading\"><strong>13.2 \u00c1ltal\u00e1nos jogorvoslati lehet\u0151s\u00e9gek<\/strong>\u00a0<\/h3>\n\n\n\n<p>Amennyiben az adatkezel\u0151 \u00e1ltal a val\u00f3s\u00e1gnak nem megfelel\u0151 szem\u00e9lyes adat ker\u00fcl nyilv\u00e1ntart\u00e1sba v\u00e9telre, az adatkezel\u0151 m\u00f3dos\u00edtja, amennyiben a val\u00f3s\u00e1gnak megfelel\u0151 szem\u00e9lyes adat \u00e1ll rendelkez\u00e9sre.\u00a0<\/p>\n\n\n\n<p>Az adatkezel\u0151 a szem\u00e9lyes adatot t\u00f6rli ha:&nbsp;<\/p>\n\n\n\n<p>&#8211; ha kezel\u00e9se jogellenes\u00a0<\/p>\n\n\n\n<p>&#8211; az hi\u00e1nyos vagy t\u00e9ves, \u00e9s ez az \u00e1llapot jogszer\u0171en nem orvosolhat\u00f3\u00a0<\/p>\n\n\n\n<p>&#8211; az \u00e9rintett k\u00e9ri\u00a0<\/p>\n\n\n\n<p>&#8211; az adatkezel\u00e9s c\u00e9lja megsz\u0171nt, vagy az adatok t\u00e1rol\u00e1s\u00e1nak t\u00f6rv\u00e9nyben meghat\u00e1rozott ideje lej\u00e1rt\u00a0<\/p>\n\n\n\n<p>&#8211; ezt b\u00edr\u00f3s\u00e1g vagy hat\u00f3s\u00e1g elrendelte\u00a0<\/p>\n\n\n\n<p>A t\u00f6rl\u00e9si k\u00f6telezetts\u00e9g al\u00e1 es\u0151 szem\u00e9lyes adatot az adatkezel\u0151 a t\u00f6rl\u00e9s helyett z\u00e1rolja, ha az \u00e9rintett ezt k\u00e9ri, vagy a rendelkez\u00e9sre \u00e1ll\u00f3 inform\u00e1ci\u00f3k alapj\u00e1n felt\u00e9telezhet\u0151, hogy a t\u00f6rl\u00e9s s\u00e9rten\u00e9 az \u00e9rintett jogos \u00e9rdekeit. Az \u00edgy z\u00e1rolt szem\u00e9lyes adat kiz\u00e1r\u00f3lag akkor kezelhet\u0151, am\u00edg fenn\u00e1ll a szem\u00e9lyes adat t\u00f6rl\u00e9s\u00e9t kiz\u00e1r\u00f3 adatkezel\u00e9si c\u00e9l.&nbsp;<\/p>\n\n\n\n<p>Adatkezel\u0151 a jogszer\u0171en kezelhet\u0151 adatok k\u00f6z\u00fcl azokat, melyek az adatkezel\u00e9s c\u00e9lj\u00e1hoz sz\u00fcks\u00e9gesek \u00e1tadhatja:&nbsp;<\/p>\n\n\n\n<p>&#8211; jogvit\u00e1k rendez\u00e9s\u00e9re, a jogszab\u00e1ly alapj\u00e1n jogosult szervek r\u00e9sz\u00e9re\u00a0<\/p>\n\n\n\n<p>&#8211; a nemzetbiztons\u00e1gi, a honv\u00e9delem \u00e9s a k\u00f6zbiztons\u00e1g v\u00e9delme, a k\u00f6zv\u00e1das b\u0171ncselekm\u00e9nyek \u00fcld\u00f6ztet\u00e9se c\u00e9lj\u00e1b\u00f3l az arra hat\u00e1sk\u00f6rrel rendelkez\u0151 hat\u00f3s\u00e1g r\u00e9sz\u00e9re\u00a0<\/p>\n\n\n\n<p>&#8211; egy\u00e9b t\u00f6rv\u00e9nyi rendelkez\u00e9sek \u00e9rtelm\u00e9ben\u00a0<\/p>\n\n\n\n<p>Ha az \u00e9rintett szem\u00e9ly az adatkezel\u0151nek a szem\u00e9lyes adatainak kezel\u00e9s\u00e9r\u0151l sz\u00f3l\u00f3 d\u00f6nt\u00e9s\u00e9vel vagy t\u00e1j\u00e9koztat\u00e1s\u00e1val nem \u00e9rt egyet, ill. ha az adatkezel\u0151 a t\u00f6rv\u00e9nyben meghat\u00e1rozott v\u00e1laszad\u00e1si hat\u00e1rid\u0151t elmulasztja az \u00e9rintett a d\u00f6nt\u00e9s k\u00f6zl\u00e9s\u00e9t\u0151l, illetve a hat\u00e1rid\u0151 elmulaszt\u00e1s\u00e1t\u00f3l sz\u00e1m\u00edtott 30 napon bel\u00fcl b\u00edr\u00f3s\u00e1ghoz, vagy a Nemzeti Adatv\u00e9delmi \u00e9s Inform\u00e1ci\u00f3szabads\u00e1g Hat\u00f3s\u00e1ghoz fordulhat. A per elb\u00edr\u00e1l\u00e1sa a t\u00f6rv\u00e9nysz\u00e9k hat\u00e1sk\u00f6r\u00e9be tartozik. Ha a b\u00edr\u00f3s\u00e1g a k\u00e9relemnek helyt ad, az adatkezel\u0151t a t\u00e1j\u00e9koztat\u00e1s megad\u00e1s\u00e1ra, az adat helyesb\u00edt\u00e9s\u00e9re, z\u00e1rol\u00e1s\u00e1ra, t\u00f6rl\u00e9s\u00e9re, az automata adatfeldolgoz\u00e1ssal hozott d\u00f6nt\u00e9s megsemmis\u00edt\u00e9s\u00e9re, az \u00e9rintett tiltakoz\u00e1si jog\u00e1nak figyelembev\u00e9tel\u00e9re, ill. adat kiad\u00e1s\u00e1ra k\u00f6telezheti.\u00a0<\/p>\n\n\n\n<p>Az \u00e9rintett jogainak megs\u00e9rt\u00e9se, ill. \u00e9szrev\u00e9tel eset\u00e9n az al\u00e1bbi el\u00e9rhet\u0151s\u00e9geken tehet nyilatkozatot, ill. az al\u00e1bbi hat\u00f3s\u00e1gokhoz fordulhat:&nbsp;<\/p>\n\n\n\n<p>&#8211; Szegedi T\u00f6rv\u00e9nysz\u00e9k: 6720 Szeged, Sz\u00e9chenyi t\u00e9r 4.\u00a0<\/p>\n\n\n\n<p>&#8211; Nemzeti Adatv\u00e9delmi \u00e9s Inform\u00e1ci\u00f3szabads\u00e1g Hat\u00f3s\u00e1g: 1530 Budapest, Szil\u00e1gyi\u00a0<\/p>\n\n\n\n<p>Erzs\u00e9bet fasor 22\/C&nbsp;<\/p>\n\n\n\n<p>&#8211; D\u00e9l-Konstrukt\u00edv Kft.: 6724 Szeged, Cserzy Mih\u00e1ly utca 35.\u00a0<\/p>\n\n\n\n<p><\/p>\n\n\n\n<p>Szeged, 2024. m\u00e1jus 10.\u00a0<\/p>","protected":false},"excerpt":{"rendered":"<p>1. A szab\u00e1lyzat c\u00e9lja\u00a0 Az inform\u00e1ci\u00f3s \u00f6nrendelkez\u00e9si jogr\u00f3l sz\u00f3l\u00f3 t\u00f6rv\u00e9ny, valamint a 2018. m\u00e1jus 25. napj\u00e1t\u00f3l hat\u00e1lyba l\u00e9p\u0151 AZ EUR\u00d3PAI PARLAMENT \u00c9S A TAN\u00c1CS (EU) 2016\/679 RENDELETE (2016. \u00e1prilis 27.) a term\u00e9szetes szem\u00e9lyeknek a szem\u00e9lyes adatok kezel\u00e9se tekintet\u00e9ben t\u00f6rt\u00e9n\u0151 v\u00e9delm\u00e9r\u0151l \u00e9s az ilyen adatok szabad \u00e1raml\u00e1s\u00e1r\u00f3l sz\u00f3l\u00f3 rendelet\u00a0 alapj\u00e1n az adatv\u00e9delmi k\u00f6vetelm\u00e9nyek betart\u00e1s\u00e1hoz sz\u00fcks\u00e9ges felt\u00e9telek &hellip; <\/p>\n<p class=\"link-more\"><a href=\"https:\/\/delkonstruktiv.hu\/en\/adatvedelmi-es-adatbiztonsagi-szabalyzat\/\" class=\"more-link\">Continue reading<span class=\"screen-reader-text\"> &#8222;Adatv\u00e9delmi \u00e9s adatbiztons\u00e1gi szab\u00e1lyzat&#8221;<\/span><\/a><\/p>","protected":false},"author":2,"featured_media":0,"parent":0,"menu_order":0,"comment_status":"closed","ping_status":"closed","template":"","meta":{"footnotes":""},"class_list":["post-217","page","type-page","status-publish","hentry"],"_links":{"self":[{"href":"https:\/\/delkonstruktiv.hu\/en\/wp-json\/wp\/v2\/pages\/217","targetHints":{"allow":["GET"]}}],"collection":[{"href":"https:\/\/delkonstruktiv.hu\/en\/wp-json\/wp\/v2\/pages"}],"about":[{"href":"https:\/\/delkonstruktiv.hu\/en\/wp-json\/wp\/v2\/types\/page"}],"author":[{"embeddable":true,"href":"https:\/\/delkonstruktiv.hu\/en\/wp-json\/wp\/v2\/users\/2"}],"replies":[{"embeddable":true,"href":"https:\/\/delkonstruktiv.hu\/en\/wp-json\/wp\/v2\/comments?post=217"}],"version-history":[{"count":2,"href":"https:\/\/delkonstruktiv.hu\/en\/wp-json\/wp\/v2\/pages\/217\/revisions"}],"predecessor-version":[{"id":221,"href":"https:\/\/delkonstruktiv.hu\/en\/wp-json\/wp\/v2\/pages\/217\/revisions\/221"}],"wp:attachment":[{"href":"https:\/\/delkonstruktiv.hu\/en\/wp-json\/wp\/v2\/media?parent=217"}],"curies":[{"name":"wp","href":"https:\/\/api.w.org\/{rel}","templated":true}]}}