{"id":229,"date":"2024-06-04T06:03:13","date_gmt":"2024-06-04T05:03:13","guid":{"rendered":"https:\/\/delkonstruktiv.hu\/?page_id=229"},"modified":"2024-06-04T06:03:13","modified_gmt":"2024-06-04T05:03:13","slug":"adatkezelesi-tajekoztatas","status":"publish","type":"page","link":"https:\/\/delkonstruktiv.hu\/en\/adatkezelesi-tajekoztatas\/","title":{"rendered":"Data Processing Information (HU)"},"content":{"rendered":"\n<h2 class=\"wp-block-heading\"><strong>1. Adatkezel\u0151 megnevez\u00e9se<\/strong>\u00a0<\/h2>\n\n\n\n<p>Adatkezel\u0151 megnevez\u00e9se: <strong>D\u00e9l-Konstrukt\u00edv Korl\u00e1tolt Felel\u0151ss\u00e9g\u0171 T\u00e1rsas\u00e1g<\/strong>&nbsp;<\/p>\n\n\n\n<p>Adatkezel\u0151 c\u00e9gjegyz\u00e9ksz\u00e1ma: <strong>06-09-014688<\/strong>&nbsp;<\/p>\n\n\n\n<p>Adatkezel\u0151 sz\u00e9khelye: <strong>6724 Szeged, Cserzy Mih\u00e1ly utca 35.<\/strong>&nbsp;<\/p>\n\n\n\n<p>Adatkezel\u0151 e-el\u00e9rhet\u0151s\u00e9ge: <strong>info@delkonstruktiv.hu<\/strong>&nbsp;<\/p>\n\n\n\n<p>Adatkezel\u0151 k\u00e9pvisel\u0151je: <strong>dr. Kereszt\u00fari Farkas Csaba \u00fcgyvezet\u0151<\/strong>\u00a0<\/p>\n\n\n\n<h2 class=\"wp-block-heading\"><strong>2. Adatkezel\u00e9s szab\u00e1lyai<\/strong>\u00a0<\/h2>\n\n\n\n<p>Jelen adatkezel\u00e9si t\u00e1j\u00e9koztat\u00f3 id\u0151beli hat\u00e1lya <strong>2024. m\u00e1jus 10. napj\u00e1t\u00f3l<\/strong> visszavon\u00e1sig tart.&nbsp;<\/p>\n\n\n\n<p>Mint a <a href=\"https:\/\/delkonstruktiv.hu\/%20\" target=\"_blank\" rel=\"noreferrer noopener\">https:\/\/delkonstruktiv.hu\/<\/a> (tov\u00e1bbiakban: honlap) \u00fczemeltet\u0151je, a <strong>D\u00e9l-Konstrukt\u00edv Korl\u00e1tolt Felel\u0151ss\u00e9g\u0171 T\u00e1rsas\u00e1g<\/strong> t\u00e1j\u00e9koztatja l\u00e1togat\u00f3it, hogy jelen honlappal kapcsolatosan csak a jelen adatv\u00e9delmi t\u00e1j\u00e9koztat\u00f3ba foglaltak alapj\u00e1n kezel szem\u00e9lyes adatokat.&nbsp;<\/p>\n\n\n\n<p>E t\u00e1j\u00e9koztat\u00f3 a D\u00e9l-Konstrukt\u00edv Korl\u00e1tolt Felel\u0151ss\u00e9g\u0171 T\u00e1rsas\u00e1g Adatv\u00e9delmi \u00e9s adatbiztons\u00e1gi szab\u00e1lyzata alapj\u00e1n k\u00e9sz\u00fclt, t\u00e1rgyi hat\u00e1lya kiterjed a D\u00e9l-Konstrukt\u00edv Korl\u00e1tolt Felel\u0151ss\u00e9g\u0171 T\u00e1rsas\u00e1g \u00e1ltal a honlap \u00fczemeltet\u00e9se sor\u00e1n megval\u00f3s\u00edtott minden olyan folyamatra, amely sor\u00e1n az inform\u00e1ci\u00f3s \u00f6nrendelkez\u00e9si jogr\u00f3l \u00e9s az inform\u00e1ci\u00f3szabads\u00e1gr\u00f3l sz\u00f3l\u00f3 2011. \u00e9vi CXII. t\u00f6rv\u00e9ny (a tov\u00e1bbiakban: Infotv.) 3. \u00a7 2. pontj\u00e1ban meghat\u00e1rozott szem\u00e9lyes adat kezel\u00e9se megval\u00f3sul.&nbsp;<\/p>\n\n\n\n<p>A jelen t\u00e1j\u00e9koztat\u00f3 fogalmai megegyeznek az Infotv. 3. \u00a7-ban meghat\u00e1rozott \u00e9rtelmez\u0151 fogalommagyar\u00e1zatokkal.&nbsp;<\/p>\n\n\n\n<p>A D\u00e9l-Konstrukt\u00edv Korl\u00e1tolt Felel\u0151ss\u00e9g\u0171 T\u00e1rsas\u00e1g kijelenti, hogy szem\u00e9lyes adatot csak jog gyakorl\u00e1sa vagy k\u00f6telezetts\u00e9g teljes\u00edt\u00e9se \u00e9rdek\u00e9ben kezel. A kezelt szem\u00e9lyes adatokat mag\u00e1nc\u00e9lra nem haszn\u00e1lja fel, az adatkezel\u00e9s mindenkor megfelel a c\u00e9lhoz k\u00f6t\u00f6tts\u00e9g alapelv\u00e9nek \u2013amennyiben az adatkezel\u00e9s c\u00e9lja megsz\u0171nt vagy az adatok kezel\u00e9se egy\u00e9bk\u00e9nt jogellenes, az adatok t\u00f6rl\u00e9sre ker\u00fclnek.&nbsp;<\/p>\n\n\n\n<p>A D\u00e9l-Konstrukt\u00edv Korl\u00e1tolt Felel\u0151ss\u00e9g\u0171 T\u00e1rsas\u00e1g szem\u00e9lyes adatot csak az \u00e9rintett el\u0151zetes hozz\u00e1j\u00e1rul\u00e1sa vagy k\u00fcl\u00f6nleges esetben t\u00f6rv\u00e9nyi el\u0151\u00edr\u00e1s alapj\u00e1n kezel.&nbsp;<\/p>\n\n\n\n<p>Jelen t\u00e1j\u00e9koztat\u00f3 c\u00e9lja, hogy a D\u00e9l-Konstrukt\u00edv Korl\u00e1tolt Felel\u0151ss\u00e9g\u0171 T\u00e1rsas\u00e1g az adat felv\u00e9tele el\u0151tt minden esetben k\u00f6z\u00f6lje az \u00e9rintettel az adatkezel\u00e9s c\u00e9lj\u00e1t, valamint az adatkezel\u00e9s jogalapj\u00e1t \u00e9s az adatkezel\u00e9sre vonatkoz\u00f3 minden fontos inform\u00e1ci\u00f3t.&nbsp;<\/p>\n\n\n\n<p>A D\u00e9l-Konstrukt\u00edv Korl\u00e1tolt Felel\u0151ss\u00e9g\u0171 T\u00e1rsas\u00e1gn\u00e1l adatkezel\u00e9st v\u00e9gz\u0151 alkalmazottak k\u00f6telesek a megismert szem\u00e9lyes adatokat \u00fczleti titokk\u00e9nt meg\u0151rizni. Ennek c\u00e9lj\u00e1b\u00f3l a szem\u00e9lyes adatokat kezel\u0151 \u00e9s azokhoz hozz\u00e1f\u00e9r\u00e9si lehet\u0151s\u00e9ggel rendelkez\u0151 munkat\u00e1rsaink Titoktart\u00e1si nyilatkozatot tettek.&nbsp;<\/p>\n\n\n\n<p>A D\u00e9l-Konstrukt\u00edv Korl\u00e1tolt Felel\u0151ss\u00e9g\u0171 T\u00e1rsas\u00e1g mindenkori \u00fcgyvezet\u0151je a D\u00e9l-Konstrukt\u00edv Korl\u00e1tolt Felel\u0151ss\u00e9g\u0171 T\u00e1rsas\u00e1g saj\u00e1toss\u00e1gainak figyelembev\u00e9tel\u00e9vel hat\u00e1rozta meg az adatv\u00e9delem szervezet\u00e9t, az adatv\u00e9delemre, valamint az azzal \u00f6sszef\u00fcgg\u0151 tev\u00e9kenys\u00e9gre vonatkoz\u00f3 feladat- \u00e9s hat\u00e1sk\u00f6r\u00f6ket, \u00e9s jel\u00f6lte ki az adatkezel\u00e9s fel\u00fcgyelet\u00e9t ell\u00e1t\u00f3 szem\u00e9lyt.&nbsp;<\/p>\n\n\n\n<p>A D\u00e9l-Konstrukt\u00edv Korl\u00e1tolt Felel\u0151ss\u00e9g\u0171 T\u00e1rsas\u00e1g munkat\u00e1rsai munk\u00e1juk sor\u00e1n gondoskodnak arr\u00f3l, hogy jogosulatlan szem\u00e9lyek ne tekinthessenek be szem\u00e9lyes adatokba. A szem\u00e9lyes adatok t\u00e1rol\u00e1sa, elhelyez\u00e9se \u00fagy ker\u00fclt kialak\u00edt\u00e1sra, hogy az jogosulatlan szem\u00e9ly r\u00e9sz\u00e9re.\u00a0<\/p>\n\n\n\n<h2 class=\"wp-block-heading\"><strong>3. A D\u00e9l-Konstrukt\u00edv Korl\u00e1tolt Felel\u0151ss\u00e9g\u0171 T\u00e1rsas\u00e1g honlapj\u00e1nak haszn\u00e1lata sor\u00e1n megval\u00f3sul\u00f3 adatkezel\u00e9sek<\/strong><\/h2>\n\n\n\n<p>Az adatkezel\u00e9s helye: 6724 Szeged, Cserzy Mih\u00e1ly utca 35.&nbsp;<\/p>\n\n\n\n<p>3.1. Kapcsolatfelv\u00e9tel a D\u00e9l-Konstrukt\u00edv Korl\u00e1tolt Felel\u0151ss\u00e9g\u0171 T\u00e1rsas\u00e1ggal:&nbsp;<\/p>\n\n\n\n<p>A T\u00e1rsas\u00e1g lehet\u0151s\u00e9get biztos\u00edt arra, hogy a T\u00e1rsas\u00e1g \u00e1ltal \u00fczemeltetett honlapon kereszt\u00fcl a l\u00e1togat\u00f3 felvegye a T\u00e1rsas\u00e1ggal a kapcsolatot. Egy form kit\u00f6lt\u00e9s\u00e9vel a l\u00e1togat\u00f3 megadhatja a kapcsolatfelv\u00e9telhez sz\u00fcks\u00e9ges relev\u00e1ns adatokat. Az adatok elk\u00fcld\u00e9s\u00e9re azonban csak akkor van lehet\u0151s\u00e9ge az \u00e9rintettnek, ha elfogadja a T\u00e1rsas\u00e1g adatkezel\u00e9si szab\u00e1lyait, m\u00e1sk\u00fcl\u00f6nben nem tudja megk\u00fcldeni az \u00fczenet\u00e9t.&nbsp;<\/p>\n\n\n\n<p>Jelen adatkezel\u00e9s jogalapja az \u00e9rintett hozz\u00e1j\u00e1rul\u00e1sa [Infotv. 5. \u00a7 (1) b) \u00e9s 6. \u00a7]. Az Infotv. 4.\u00a7-ban foglaltakat messzemen\u0151kig figyelembe kell venni \u00e9s be kell tartani:&nbsp;<\/p>\n\n\n\n<p><strong><em>\u201e(1) Szem\u00e9lyes adat kiz\u00e1r\u00f3lag egy\u00e9rtelm\u0171en meghat\u00e1rozott, jogszer\u0171 c\u00e9lb\u00f3l, jog gyakorl\u00e1sa \u00e9s k\u00f6telezetts\u00e9g teljes\u00edt\u00e9se \u00e9rdek\u00e9ben kezelhet\u0151. Az adatkezel\u00e9snek minden szakasz\u00e1ban meg kell felelnie az adatkezel\u00e9s c\u00e9lj\u00e1nak, az adatok gy\u0171jt\u00e9s\u00e9nek \u00e9s kezel\u00e9s\u00e9nek tisztess\u00e9gesnek \u00e9s t\u00f6rv\u00e9nyesnek kell lennie.<\/em><\/strong>&nbsp;<\/p>\n\n\n\n<p><strong><em>(2) Csak olyan szem\u00e9lyes adat kezelhet\u0151, amely az adatkezel\u00e9s c\u00e9lj\u00e1nak megval\u00f3sul\u00e1s\u00e1hoz elengedhetetlen, a c\u00e9l el\u00e9r\u00e9s\u00e9re alkalmas. A szem\u00e9lyes adat csak a c\u00e9l megval\u00f3sul\u00e1s\u00e1hoz sz\u00fcks\u00e9ges m\u00e9rt\u00e9kben \u00e9s ideig kezelhet\u0151.\u201d<\/em><\/strong>&nbsp;<\/p>\n\n\n\n<p><strong>Adatkezel\u00e9s c\u00e9lja: <\/strong>a D\u00e9l-Konstrukt\u00edv Korl\u00e1tolt Felel\u0151ss\u00e9g\u0171 T\u00e1rsas\u00e1ggal t\u00f6rt\u00e9n\u0151 kapcsolatfelv\u00e9tel el\u0151seg\u00edt\u00e9se&nbsp;<\/p>\n\n\n\n<p><strong>Kezelt adatok k\u00f6re:<\/strong> n\u00e9v, e-mail c\u00edm, telefonsz\u00e1m, c\u00e9gn\u00e9v, \u00fczenet sz\u00f6vege&nbsp;<\/p>\n\n\n\n<p><strong>Adatkezel\u00e9s jogalapja:<\/strong> az Infotv. 5. \u00a7 (1) a) szerinti \u00e9rintetti hozz\u00e1j\u00e1rul\u00e1sa.&nbsp;<\/p>\n\n\n\n<p><strong>Adatt\u00e1rol\u00e1s hat\u00e1rideje:<\/strong> \u00fagy a kapcsolatfelv\u00e9teli \u00fcgy elint\u00e9z\u00e9s\u00e9ig (a c\u00e9l megval\u00f3sul\u00e1s\u00e1ig),&nbsp;<\/p>\n\n\n\n<p><strong>Adatt\u00e1rol\u00e1s m\u00f3dja:<\/strong> elektronikus, pap\u00edr alap\u00fa&nbsp;<\/p>\n\n\n\n<p><strong>4. Jelen t\u00e1j\u00e9koztat\u00f3ban nem meghat\u00e1rozott k\u00e9rd\u00e9sek:<\/strong>&nbsp;<\/p>\n\n\n\n<p>A jelen t\u00e1j\u00e9koztat\u00f3ban nem meghat\u00e1rozott k\u00e9rd\u00e9sekben az Infotv. szab\u00e1lyai az ir\u00e1nyad\u00f3ak.\u00a0<\/p>\n\n\n\n<p><\/p>\n\n\n\n<p>Szeged, 2024. m\u00e1jus 10.\u00a0<\/p>\n","protected":false},"excerpt":{"rendered":"<p>1. Adatkezel\u0151 megnevez\u00e9se\u00a0 Adatkezel\u0151 megnevez\u00e9se: D\u00e9l-Konstrukt\u00edv Korl\u00e1tolt Felel\u0151ss\u00e9g\u0171 T\u00e1rsas\u00e1g&nbsp; Adatkezel\u0151 c\u00e9gjegyz\u00e9ksz\u00e1ma: 06-09-014688&nbsp; Adatkezel\u0151 sz\u00e9khelye: 6724 Szeged, Cserzy Mih\u00e1ly utca 35.&nbsp; Adatkezel\u0151 e-el\u00e9rhet\u0151s\u00e9ge: info@delkonstruktiv.hu&nbsp; Adatkezel\u0151 k\u00e9pvisel\u0151je: dr. Kereszt\u00fari Farkas Csaba \u00fcgyvezet\u0151\u00a0 2. Adatkezel\u00e9s szab\u00e1lyai\u00a0 Jelen adatkezel\u00e9si t\u00e1j\u00e9koztat\u00f3 id\u0151beli hat\u00e1lya 2024. m\u00e1jus 10. napj\u00e1t\u00f3l visszavon\u00e1sig tart.&nbsp; Mint a https:\/\/delkonstruktiv.hu\/ (tov\u00e1bbiakban: honlap) \u00fczemeltet\u0151je, a D\u00e9l-Konstrukt\u00edv Korl\u00e1tolt Felel\u0151ss\u00e9g\u0171 T\u00e1rsas\u00e1g &hellip; <\/p>\n<p class=\"link-more\"><a href=\"https:\/\/delkonstruktiv.hu\/en\/adatkezelesi-tajekoztatas\/\" class=\"more-link\">Continue reading<span class=\"screen-reader-text\"> &#8222;Adatkezel\u00e9si t\u00e1j\u00e9koztat\u00e1s&#8221;<\/span><\/a><\/p>","protected":false},"author":2,"featured_media":0,"parent":0,"menu_order":0,"comment_status":"closed","ping_status":"closed","template":"","meta":{"footnotes":""},"class_list":["post-229","page","type-page","status-publish","hentry"],"_links":{"self":[{"href":"https:\/\/delkonstruktiv.hu\/en\/wp-json\/wp\/v2\/pages\/229","targetHints":{"allow":["GET"]}}],"collection":[{"href":"https:\/\/delkonstruktiv.hu\/en\/wp-json\/wp\/v2\/pages"}],"about":[{"href":"https:\/\/delkonstruktiv.hu\/en\/wp-json\/wp\/v2\/types\/page"}],"author":[{"embeddable":true,"href":"https:\/\/delkonstruktiv.hu\/en\/wp-json\/wp\/v2\/users\/2"}],"replies":[{"embeddable":true,"href":"https:\/\/delkonstruktiv.hu\/en\/wp-json\/wp\/v2\/comments?post=229"}],"version-history":[{"count":1,"href":"https:\/\/delkonstruktiv.hu\/en\/wp-json\/wp\/v2\/pages\/229\/revisions"}],"predecessor-version":[{"id":230,"href":"https:\/\/delkonstruktiv.hu\/en\/wp-json\/wp\/v2\/pages\/229\/revisions\/230"}],"wp:attachment":[{"href":"https:\/\/delkonstruktiv.hu\/en\/wp-json\/wp\/v2\/media?parent=229"}],"curies":[{"name":"wp","href":"https:\/\/api.w.org\/{rel}","templated":true}]}}